{"id":530,"date":"2021-01-11T00:39:36","date_gmt":"2021-01-10T22:39:36","guid":{"rendered":"https:\/\/schluesseldienst-hannover-list.com\/schluesselnotdienst\/?page_id=530"},"modified":"2024-03-08T14:11:34","modified_gmt":"2024-03-08T12:11:34","slug":"schluesseldienst-lehrte","status":"publish","type":"page","link":"https:\/\/schluesseldienst-hannover-list.com\/schluesselnotdienst\/schluesseldienst-lehrte\/","title":{"rendered":"Schl\u00fcsseldienst Lehrte"},"content":{"rendered":"<h1>Schl\u00fcsseldienst Lehrte<\/h1>\n<p><strong>Schl\u00fcsseldienst Lehrte<\/strong>\u00a0(0511-757548) hier erleben Sie keine unangenehmen \u00dcberraschungen. Erfahrene <strong>Schl\u00fcsseldienst<\/strong> Techniker \u00f6ffnen in und um Hannover oft binnen Sekunden Ihre zugefallene Wohnungst\u00fcr. Auch falls Sie den <a href=\"https:\/\/schluesseldienst-hannover-list.com\/schluesselnotdienst\/beispiel-seite\/schluessel-verloren\" target=\"_blank\" rel=\"noopener noreferrer\">Schl\u00fcssel verloren<\/a> oder den\u00a0<a href=\"https:\/\/schluesseldienst-hannover-list.com\/schluesselnotdienst\/beispiel-seite\/schluessel-abgebrochen\" target=\"_blank\" rel=\"noopener noreferrer\">Schl\u00fcssel abgebrochen<\/a> haben, unsere T\u00fcr\u00f6ffnungs Profis helfen Ihnen sofort. In und um Hannover sind wir blitzschnell bei Ihnen vor Ort. \u00a0Verlassen Sie sich auf unsere langj\u00e4hrige Erfahrung im Bereich Sicherheitstechnik und unsere fairen <a href=\"https:\/\/schluesseldienst-hannover-list.com\/schluesselnotdienst\/tueroeffnungspreise\" target=\"_blank\" rel=\"noopener noreferrer\">Schl\u00fcsseldienst Preise<\/a>. Wurde Ihr <a href=\"https:\/\/schluesseldienst-hannover-list.com\/schluesselnotdienst\/tueroeffnung-sofort\/tuerschloss-zugeklebt\/\" target=\"_blank\" rel=\"noopener noreferrer\">T\u00fcrschloss verklebt<\/a>, ist dieses auch kein Problem f\u00fcr uns.<\/p>\n<p><strong><span style=\"color: #ff0000;\">Unser Schl\u00fcsseldienst ist schnell und preiswert in ganz Lehrte und Umland f\u00fcr Sie da! Unsere Preisangaben sind ehrlich und wir machen keine Lockangebote oder Happy Hour Tricks. Auf unsere festen und verbindlichen Preise k\u00f6nnen Sie sich verlassen. Bei uns erleben Sie keine unangenehmen \u00dcberraschungen, wenn es um die Bezahlung geht.<\/span><\/strong><\/p>\n<h3><\/h3>\n<h3><span style=\"color: #ff0000;\">Schnell\u00fcbersicht Schl\u00fcsseldienst Lehrte Preise:<\/span><\/h3>\n<p><span style=\"color: #ff0000;\">Ehrliche Endpreise inkl. aller Kosten wie Fahrt, Mehrwertsteuer, Arbeit, Zuschl\u00e4ge<\/span><\/p>\n<ul>\n<li><a href=\"https:\/\/schluesseldienst-hannover-list.com\/schluesselnotdienst\/tueroeffnungspreise\/schluesseldienst-tagespreise\" target=\"_blank\" rel=\"noopener noreferrer\">Tagespreis<\/a> Montag bis Samstag von 08.00 Uhr bis 18.00 = \u20ac 99,&#8211;<\/li>\n<li><a href=\"https:\/\/schluesseldienst-hannover-list.com\/schluesselnotdienst\/tueroeffnungspreise\/schluesseldienst-spaettarif\" target=\"_blank\" rel=\"noopener noreferrer\">Sp\u00e4ttarif<\/a> Montag bis Samstag von 18.00 Uhr bis 22.00 = \u20ac 111,&#8211;<\/li>\n<li><a href=\"https:\/\/schluesseldienst-hannover-list.com\/schluesselnotdienst\/tueroeffnungspreise\/schluesseldienst-nachtpreis\" target=\"_blank\" rel=\"noopener noreferrer\">Nachtpreis<\/a><strong>,<\/strong><a href=\"https:\/\/schluesseldienst-hannover-list.com\/schluesselnotdienst\/tueroeffnungspreise\/schluesseldienst-sonntagspreis\" target=\"_blank\" rel=\"noopener noreferrer\"> Sonntagspreis<\/a> und an Feiertagen \u20ac 140,&#8211;<\/li>\n<\/ul>\n<p><strong><span style=\"color: #ff0000;\">Bei uns gibt es keine versteckten Kosten &#8211; wie in dieser Branche leider oft \u00fcblich<\/span><\/strong><\/p>\n<p>Schl\u00fcsseldienst schnell erkl\u00e4rt &#8211; siehe einfach nachfolgendes Video:<\/p>\n<p><span class=\"embed-youtube\" style=\"text-align:center; display: block;\"><iframe loading=\"lazy\" class=\"youtube-player\" width=\"810\" height=\"456\" src=\"https:\/\/www.youtube.com\/embed\/WGSLnrEEDoo?version=3&#038;rel=1&#038;showsearch=0&#038;showinfo=1&#038;iv_load_policy=1&#038;fs=1&#038;hl=de-DE&#038;autohide=2&#038;wmode=transparent\" allowfullscreen=\"true\" style=\"border:0;\" sandbox=\"allow-scripts allow-same-origin allow-popups allow-presentation allow-popups-to-escape-sandbox\"><\/iframe><\/span><\/p>\n<h4>Warnung vor Billigschl\u00fcsseldiensten<\/h4>\n<p>Achtung! Einige <strong>Schl\u00fcsseldienste<\/strong> werben mit Angeboten unter \u20ac 50,&#8211;. Hier sollte man vorsichtig sein und genau schauen, ob dieser Preis wirklich ein ENDPREIS ist und nichts weiter hinzukommt (z. B. Fahrtkosten, Zuschl\u00e4ge, Werkzeugkosten, Material usw.). Rein von der \u00dcberlegung her, ist ein Preis von unter \u20ac 50,&#8211; unlogisch, weil zu diesem Preis ein wirtschaftliches und qualitativ hochwertiges arbeiten nicht m\u00f6glich ist. Es wird in diesem Bereich oft mit Lockangeboten gearbeitet. Angebliche Billigschl\u00fcsseldienste \u00f6ffnen T\u00fcren nicht immer fachgerecht und zerst\u00f6rungsfrei, sondern gewaltsam. Uns wurde zum Beispiel berichtet, dass ein Schl\u00fcsseldienst zwar mit Euro 49,90 dem Kunden einen g\u00fcnstigen Preis gemacht hat, die T\u00fcr wurde dann aber mit einer Brechstange aufgebrochen und der Kunde musste sp\u00e4ter noch 300,&#8211; Euro \u00a0f\u00fcr die Reparatur der T\u00fcr zahlen. Ein anderer <strong>Schl\u00fcsseldienst<\/strong> hat seine Kunden mit einem Preis von\u20ac 36,80 angelockt. Sp\u00e4ter war das doch nicht der Endpreis und es kamen neben einer langen Wartezeit noch die extra Fahrtkosten dazu. So etwas kann Ihnen bei unserem <a href=\"https:\/\/schluesseldienst-fachbetrieb.de\" target=\"_blank\" rel=\"noopener noreferrer\">Schl\u00fcsseldienst Fachbetrieb<\/a> nicht passieren. Unsere Preise sind transparent und werden Ihnen gerne vor Ort und an Telefon noch einmal best\u00e4tigt. Wir verf\u00fcgen \u00fcber entsprechende Spezialwerkzeuge und Fachwissen, um die T\u00fcren fachgerecht zu \u00f6ffnen. Au\u00dferdem sind wir schnell vor Ort und lassen Sie nicht lange warten. Gemessen an Preis und Leistung k\u00f6nnte man unsere Preise als g\u00fcnstig bezeichnen. Faire Entlohnung unserer Mitarbeiter und ein freundlicher Service runden unser Angebot ab.<\/p>\n<figure id=\"attachment_29\" aria-describedby=\"caption-attachment-29\" style=\"width: 300px\" class=\"wp-caption aligncenter\"><a href=\"https:\/\/i0.wp.com\/schluesseldienst-hannover-list.com\/schluesselnotdienst\/wp-content\/uploads\/Fotolia_30013506_XS.jpg?ssl=1\"><img loading=\"lazy\" decoding=\"async\" class=\"wp-image-29 size-medium\" src=\"https:\/\/i0.wp.com\/schluesseldienst-hannover-list.com\/schluesselnotdienst\/wp-content\/uploads\/Fotolia_30013506_XS.jpg?resize=300%2C300&#038;ssl=1\" alt=\"Schl\u00fcsseldienst Lehrte\" width=\"300\" height=\"300\" srcset=\"https:\/\/i0.wp.com\/schluesseldienst-hannover-list.com\/schluesselnotdienst\/wp-content\/uploads\/Fotolia_30013506_XS.jpg?resize=300%2C300&amp;ssl=1 300w, https:\/\/i0.wp.com\/schluesseldienst-hannover-list.com\/schluesselnotdienst\/wp-content\/uploads\/Fotolia_30013506_XS.jpg?resize=150%2C150&amp;ssl=1 150w, https:\/\/i0.wp.com\/schluesseldienst-hannover-list.com\/schluesselnotdienst\/wp-content\/uploads\/Fotolia_30013506_XS.jpg?resize=60%2C60&amp;ssl=1 60w, https:\/\/i0.wp.com\/schluesseldienst-hannover-list.com\/schluesselnotdienst\/wp-content\/uploads\/Fotolia_30013506_XS.jpg?w=346&amp;ssl=1 346w\" sizes=\"(max-width: 300px) 100vw, 300px\" data-recalc-dims=\"1\" \/><\/a><figcaption id=\"caption-attachment-29\" class=\"wp-caption-text\">Schl\u00fcsseldienst Lehrte immer f\u00fcr Sie da<\/figcaption><\/figure>\n<p>Von Anfang an sind Sie bei Lagershausen Sicherheitstechnik in guten H\u00e4nden. Auf unseren\u00a0zuverl\u00e4ssigen <strong>Tag &amp; Nacht Service<\/strong> vertrauen viele Hausverwaltungen, Gerichtsvollzieher, Polizei, Gewerbetreibende und Privatpersonen. Mit \u00fcber 30 Jahren Erfahrung im Bereich Sicherheitstechnik stehen wir Ihnen in allen Belangen rund um elektronische und mechanische Absicherungen zur Verf\u00fcgung. Wir haben keine &#8222;sell &amp; forget&#8220; Verkaufstrategie, sondern bei uns werden Sie auch nach dem Kauf bestens betreut. Egal ob Sie einen Schl\u00fcssel bei uns kaufen oder eine komplette Einbruchmeldeanlage installieren lassen &#8211; Ihre Kundenzufriedenheit liegt uns am Herzen.<\/p>\n<p>Unser Leistungsspektrum ist nicht nur auf den reinen <strong>Schl\u00fcsseldienst<\/strong> ausgerichtet. Wir bieten Ihnen eine Vielzahl verschiedenster Sicherheitsprodukte f\u00fcr jede Anwendung. Auch in schwierigen F\u00e4llen haben wir die passende L\u00f6sung f\u00fcr Sie. Als gepr\u00fcftes Mitglied der <strong>Schl\u00fcsseldienst Allianz Hannover-Lehrte<\/strong> k\u00f6nnen sich unsere Kunden auf unsere fairen Preise und die fachlich hochwertige Ausf\u00fchrung der Arbeit rund um die Uhr verlassen. Die <strong>Schl\u00fcsseldienst Allianz Hannover-Lehrte<\/strong> ist ein Zusammenschluss mehrerer Schl\u00fcsseldienste direkt aus Hannover mit dem Ziel, dem Kunden T\u00fcr\u00f6ffnungen preiswert und in guter Qualit\u00e4t anzubieten.<\/p>\n<figure id=\"attachment_262\" aria-describedby=\"caption-attachment-262\" style=\"width: 529px\" class=\"wp-caption aligncenter\"><a href=\"https:\/\/i0.wp.com\/schluesseldienst-hannover-list.com\/schluesselnotdienst\/wp-content\/uploads\/Qualit\u00e4ts-Logo-Schl\u00fcsseldienst-Hannover-01.png?ssl=1\"><img loading=\"lazy\" decoding=\"async\" class=\"wp-image-262\" src=\"https:\/\/i0.wp.com\/schluesseldienst-hannover-list.com\/schluesselnotdienst\/wp-content\/uploads\/Qualit\u00e4ts-Logo-Schl\u00fcsseldienst-Hannover-01.png?resize=529%2C374&#038;ssl=1\" alt=\"Schl\u00fcsseldienst Allianz Hannover\" width=\"529\" height=\"374\" srcset=\"https:\/\/i0.wp.com\/schluesseldienst-hannover-list.com\/schluesselnotdienst\/wp-content\/uploads\/Qualit\u00e4ts-Logo-Schl\u00fcsseldienst-Hannover-01.png?w=3508&amp;ssl=1 3508w, https:\/\/i0.wp.com\/schluesseldienst-hannover-list.com\/schluesselnotdienst\/wp-content\/uploads\/Qualit\u00e4ts-Logo-Schl\u00fcsseldienst-Hannover-01.png?resize=300%2C212&amp;ssl=1 300w, https:\/\/i0.wp.com\/schluesseldienst-hannover-list.com\/schluesselnotdienst\/wp-content\/uploads\/Qualit\u00e4ts-Logo-Schl\u00fcsseldienst-Hannover-01.png?resize=768%2C543&amp;ssl=1 768w, https:\/\/i0.wp.com\/schluesseldienst-hannover-list.com\/schluesselnotdienst\/wp-content\/uploads\/Qualit\u00e4ts-Logo-Schl\u00fcsseldienst-Hannover-01.png?resize=1024%2C724&amp;ssl=1 1024w, https:\/\/i0.wp.com\/schluesseldienst-hannover-list.com\/schluesselnotdienst\/wp-content\/uploads\/Qualit\u00e4ts-Logo-Schl\u00fcsseldienst-Hannover-01.png?w=1620&amp;ssl=1 1620w, https:\/\/i0.wp.com\/schluesseldienst-hannover-list.com\/schluesselnotdienst\/wp-content\/uploads\/Qualit\u00e4ts-Logo-Schl\u00fcsseldienst-Hannover-01.png?w=2430&amp;ssl=1 2430w\" sizes=\"(max-width: 529px) 100vw, 529px\" data-recalc-dims=\"1\" \/><\/a><figcaption id=\"caption-attachment-262\" class=\"wp-caption-text\">Wir sind Mitglied in der Schl\u00fcsseldienst Allianz Hannover<\/figcaption><\/figure>\n<p>Fallen Sie nicht auf die falschen Preisversprechen einiger Schl\u00fcsseldienst herein. Bei uns bekommen Sie bereits am Telefon verbindliche Endpreise inkl. aller Kosten genannt. So kostet eine T\u00fcr\u00f6ffnung an Werktagen in der Zeit von 8.00 bis 18.00 Uhr inkl. Fahrt und Mehrwertsteuer unseren <a href=\"https:\/\/schluesseldienst-hannover-list.com\/schluesselnotdienst\/tueroeffnungspreise\/schluesseldienst-tagespreise\" target=\"_blank\" rel=\"noopener noreferrer\">Tagespreis<\/a> von nur \u20ac 99,&#8211;. Unserer <a href=\"https:\/\/schluesseldienst-hannover-list.com\/schluesselnotdienst\/tueroeffnungspreise\/schluesseldienst-spaettarif\" target=\"_blank\" rel=\"noopener noreferrer\">Sp\u00e4ttarif <\/a>bel\u00e4uft sich auf \u20ac 111,&#8211; und unsere <a href=\"https:\/\/schluesseldienst-hannover-list.com\/schluesselnotdienst\/schluesseldienst-nachtpreis\" target=\"_blank\" rel=\"noopener noreferrer\">Nachtpreise<\/a> und <a href=\"https:\/\/schluesseldienst-hannover-list.com\/schluesselnotdienst\/tueroeffnungspreise\/schluesseldienst-sonntagspreis\" target=\"_blank\" rel=\"noopener noreferrer\">Sonntagspreise<\/a> sowie <a href=\"https:\/\/schluesseldienst-hannover-list.com\/schluesselnotdienst\/tueroeffnungspreise\/schluesseldienst-feiertagspreis\" target=\"_blank\" rel=\"noopener noreferrer\">Feiertagspreise<\/a> belaufen sich auf \u20ac 140,&#8211;. Da ist dann auch wirklich alles f\u00fcr die \u00d6ffnung einer zugefallenen T\u00fcr enthalten. Nachforderungen oder Lockangebote gibt es bei uns nicht. Klicken Sie auf die\u00a0 <a title=\"T\u00fcr\u00f6ffnungspreise\" href=\"https:\/\/schluesseldienst-hannover-list.com\/schluesselnotdienst\/tueroeffnungspreise\">Schl\u00fcsseldienst Preise<\/a> um eine genaue Auskunft zu bekommen. Gerne beantworten wir Ihnen Ihre Fragen auch telefonisch. <a href=\"https:\/\/schluesseldienst-hannover-list.com\/schluesselnotdienst\/beispiel-seite\/tuer-zugezogen\" target=\"_blank\" rel=\"noopener noreferrer\">T\u00fcr zugefallen<\/a> oder <a href=\"https:\/\/schluesseldienst-hannover-list.com\/schluesselnotdienst\/tueroeffnung-sofort\/schluessel-dreht-durch\">Schl\u00fcssel dreht durch<\/a> &#8211; Schloss defekt &#8211; unser freundliches Team hilft in jeder Notlage und freut sich auf Ihren Anruf!<\/p>\n<p><strong><span style=\"color: #ff0000;\">Unser Versprechen:<\/span><\/strong><\/p>\n<p><span style=\"color: #ff0000;\"><strong>&#8211; keine Preisnachforderungen<\/strong><\/span><\/p>\n<p><span style=\"color: #ff0000;\"><strong>&#8211; es kommt ein Techniker aus Ihrer N\u00e4he<\/strong><\/span><\/p>\n<p><span style=\"color: #ff0000;\"><strong>&#8211; bereits am Telefon erfahren Sie den verbindlichen Endpreis<\/strong><\/span><\/p>\n<p><span style=\"color: #ff0000;\"><strong>&#8211; freundliche, schnelle Ausf\u00fchrung vom Schl\u00fcsseldienstprofi<\/strong><\/span><\/p>\n<p><strong>Tipp: Fallen Sie beim Preisvergleich mit anderen Schl\u00fcsseldiensten nicht auf Lockangebote herein (z. B. \u20ac 15,&#8211; je Arbeitseinheit oder Viertelstunde) &#8211; da kommen schnell einige hundert Euro zusammen! Seien Sie auch vorsichtig bei Billigangeboten von unter \u20ac 50,- das ist meist unrealistisch und vor Ort werden dann pl\u00f6tzlich Aufpreise erhoben oder es kommen unqualifizierte Techniker die mehr Schaden als Nutzen anrichten. Wir bieten eine T\u00fcr\u00f6ffnung mit modernsten Werkzeugen sanft und schnell. Unsere Mitarbeiter erhalten eine faire Bezahlung und sich bestens geschult und motiviert.\u00a0 Gehen Sie auf Nummer Sicher und vertrauen Sie unserer Festpreisgarantie und unserer langj\u00e4hrigen Erfahrung! Lesen Sie auch unsere <a href=\"https:\/\/schluesseldienst-hannover-list.com\/schluesselnotdienst\/info\">Schl\u00fcsseldienst Info<\/a>.<br \/>\n<\/strong><\/p>\n<h5>Schl\u00fcsseldienst Lehrte<\/h5>\n<h5>H\u00e4ufige Fragen an unseren Schl\u00fcsseldienst<\/h5>\n<p><em>Wie kann ich die Rechnung bezahlen?<\/em><\/p>\n<p>Privatkunden k\u00f6nnen per Girokarte (EC Karte) und per Barzahlung bezahlen. Gewerbekunden und Beh\u00f6rden k\u00f6nnen die Rechnung per \u00dcberweisung ausgleichen.<\/p>\n<p><em>Ist Ihr Schl\u00fcsseldienst immer erreichbar?<\/em><\/p>\n<p>Wir sind an 365 Tagen im Jahr rund um die Uhr f\u00fcr Sie erreichbar. Scheuen Sie sich nicht davor uns auch in der Nacht anzurufen &#8211; das ist f\u00fcr uns ganz normal.<\/p>\n<p><em>Bekommen Sie jede T\u00fcr auf?<\/em><\/p>\n<p>Bisher haben wir jede T\u00fcr auf bekommen. Bedingt durch unser Spezialwerkzeugsortment\u00a0 \u00f6ffnen wir auch Hochsicherheitst\u00fcren. Wir haben bereits T\u00fcren ge\u00f6ffnet, bei denen andere Schl\u00fcsseldienste aufgegeben hatten.<\/p>\n<p><em>Wird die T\u00fcr bei der \u00d6ffnung besch\u00e4digt?<\/em><\/p>\n<p>Unser Spezialgebiet ist die sanfte T\u00fcr\u00f6ffnung. Ist die T\u00fcr nur zugefallen, bekommen wir diese in 99,9% aller F\u00e4lle binnen Sekunden und ohne jede Besch\u00e4digung auf. Ist die T\u00fcr abgeschlossen, m\u00fcssen wir h\u00e4ufig den Zylinder wechseln. Dabei k\u00f6nnen minimale Kratzer an T\u00fcrbeschlag entstehen. Wir sind stets bem\u00fcht so vorsichtig wie m\u00f6glich zu arbeiten und versuchen alles um Sch\u00e4den zu vermeiden.<\/p>\n<p><em>Nehmen Sie jeden Auftrag an?<\/em><\/p>\n<p>Grunds\u00e4tzlich ist uns jeder Kunde willkommen. Wir behalten uns vor, Auftr\u00e4g abzulehnen &#8211; zum Beispiel wenn sich der Kunde unangemessen verh\u00e4lt oder wenn wir vor Ort feststellen, dass getroffene Angaben nicht zutreffen. Kosten entstehen dem Kunden dadurch nicht, auch wenn wir bereits vor Ort sind. Falls Sie nicht nachweisen k\u00f6nnen, der Mieter oder Eigent\u00fcmer des Objektes zu sein, werden wir auch keine \u00d6ffnung durchf\u00fchren oder die Polizei mit hinzuziehen.<\/p>\n<p><em>Daten f\u00fcr eine optimale und schnelle Abwicklung Ihres T\u00fcr\u00f6ffnungsauftrages:<\/em><\/p>\n<p>Es ist kalt vor der Haust\u00fcr oder das Essen steht auf dem Herd und die T\u00fcr ist zu. Da wollen und m\u00fcssen Sie schnell wieder in Ihre Wohnung oder in Ihr Haus. Damit keine Zeit verloren geht, sollten Sie schon mal Ihre Daten bereit halten. Neben Ihren Namen, Stra\u00dfe und Postleitzahl, sowie R\u00fcckruftelefonnummer ben\u00f6tigen wir noch ein paar andere Angaben. Was ist passiert, steckt der Schl\u00fcssel von innen im T\u00fcrschlo\u00df oder habe Sie Ihren Schl\u00fcssel verloren oder abgebrochen? Ist Ihre T\u00fcr nur zugezogen\/zugefallen oder abgeschlossen. Handelt es sich um eine Wohnungst\u00fcr oder um eine Haust\u00fcr. Wo genau warten Sie &#8211; beim Nachbarn, vorm Haus, im Treppenhaus oder im Auto. Je genauer Sie uns Ihre Angaben machen, desto schneller wird unser T\u00fcr\u00f6ffnungsdienst Ihnen helfen k\u00f6nnen.<\/p>\n<p>Rufen Sie uns jetzt an &#8211; unser freundliches Service Team Lehrte freut sich auf Ihren Auftrag.<\/p>\n<div style=\"width: 810px;\" class=\"wp-video\"><!--[if lt IE 9]><script>document.createElement('video');<\/script><![endif]-->\n<video class=\"wp-video-shortcode\" id=\"video-530-1\" width=\"810\" height=\"456\" preload=\"metadata\" controls=\"controls\"><source type=\"video\/mp4\" src=\"https:\/\/schluesseldienst-hannover-list.com\/schluesselnotdienst\/wp-content\/uploads\/schl\u00fcsseldienst-hannover-list-1.mp4?_=1\" \/><a href=\"https:\/\/schluesseldienst-hannover-list.com\/schluesselnotdienst\/wp-content\/uploads\/schl\u00fcsseldienst-hannover-list-1.mp4\">https:\/\/schluesseldienst-hannover-list.com\/schluesselnotdienst\/wp-content\/uploads\/schl\u00fcsseldienst-hannover-list-1.mp4<\/a><\/video><\/div>\n<blockquote><p>T\u00fcr auf oder T\u00fcr zu &#8211; Schl\u00fcsseldienst Hannover hilft im nu.<\/p><\/blockquote>\n<h2>Die sanfte T\u00fcr\u00f6ffnung in Lehrte<\/h2>\n<p>Bei unserem Schl\u00fcsselnotdienst Lehrte steht die sanfte T\u00fcr\u00f6ffnung im Vordergrund. Das reduziert Ihre Kosten. Es werden grunds\u00e4tzlich nur Arbeiten ausgef\u00fchrt, welche unbedingt erforderlich sind. Wir verkaufen kein Material, welches Sie nicht unbedingt ben\u00f6tigen, nur um den Umsatz zu erh\u00f6hen. Sollten bei einer Not\u00f6ffnung weitere Dinge erforderlich werden, informieren wir Sie vorab. \u00dcber jeden Schritt k\u00f6nnen Sie entscheiden und erleben so keine unangenehme \u00dcberraschung, wenn es um die Bezahlung geht. Seit mehr als 30 Jahren \u00f6ffnen wir in und um Hannover T\u00fcren und haben sehr viele zufriedene Kunden. Das Team von Lagershausen Sicherheitstechnik gibt sich viel M\u00fche, damit wir auch Sie zu unseren zufriedenen Kunden z\u00e4hlen k\u00f6nnen.<\/p>\n<h3>Extraservice T\u00fcr\u00f6ffnung von Frauen f\u00fcr Frauen<\/h3>\n<p>Gerade im Bereich Schl\u00fcsselnotdienst im Au\u00dfendienst sind fast nur m\u00e4nnliche Techniker unterwegs. Neben unseren m\u00e4nnlichen Servicetechnikern arbeitet bei uns auch eine weibliche Fachkraft. Als besonderen Service k\u00f6nnen Frauen bei unserem Schl\u00fcsseldienst Lehrte gezielt eine Frau zur T\u00fcr\u00f6ffnung anfordern, falls Sie keinen m\u00e4nnlichen T\u00fcr\u00f6ffner w\u00fcnschen. Sprechen Sie uns einfach am Telefon darauf an.<\/p>\n<p>&nbsp;<\/p>\n<p>Unser Schl\u00fcsseldienst Fachbetrieb ist auch bei <a href=\"https:\/\/www.schluesseldienst-preisvergleich.de\">Schl\u00fcsseldienst-Preisvergleich<\/a> gelistet.<\/p>\n<p>&nbsp;<\/p>","protected":false},"excerpt":{"rendered":"<p>Schl\u00fcsseldienst Lehrte Schl\u00fcsseldienst Lehrte\u00a0(0511-757548) hier erleben Sie keine unangenehmen \u00dcberraschungen. Erfahrene Schl\u00fcsseldienst Techniker \u00f6ffnen in und um Hannover oft binnen Sekunden Ihre zugefallene Wohnungst\u00fcr. Auch falls Sie den Schl\u00fcssel verloren oder den\u00a0Schl\u00fcssel abgebrochen haben, unsere<\/p>\n","protected":false},"author":1,"featured_media":0,"parent":0,"menu_order":0,"comment_status":"open","ping_status":"closed","template":"template-fullwidth.php","meta":{"advanced_seo_description":"","jetpack_seo_html_title":"","jetpack_seo_noindex":false,"jetpack_post_was_ever_published":false,"footnotes":""},"jetpack_sharing_enabled":true,"jetpack_shortlink":"https:\/\/wp.me\/P6aBdB-8y","_links":{"self":[{"href":"https:\/\/schluesseldienst-hannover-list.com\/schluesselnotdienst\/wp-json\/wp\/v2\/pages\/530"}],"collection":[{"href":"https:\/\/schluesseldienst-hannover-list.com\/schluesselnotdienst\/wp-json\/wp\/v2\/pages"}],"about":[{"href":"https:\/\/schluesseldienst-hannover-list.com\/schluesselnotdienst\/wp-json\/wp\/v2\/types\/page"}],"author":[{"embeddable":true,"href":"https:\/\/schluesseldienst-hannover-list.com\/schluesselnotdienst\/wp-json\/wp\/v2\/users\/1"}],"replies":[{"embeddable":true,"href":"https:\/\/schluesseldienst-hannover-list.com\/schluesselnotdienst\/wp-json\/wp\/v2\/comments?post=530"}],"version-history":[{"count":7,"href":"https:\/\/schluesseldienst-hannover-list.com\/schluesselnotdienst\/wp-json\/wp\/v2\/pages\/530\/revisions"}],"predecessor-version":[{"id":570,"href":"https:\/\/schluesseldienst-hannover-list.com\/schluesselnotdienst\/wp-json\/wp\/v2\/pages\/530\/revisions\/570"}],"wp:attachment":[{"href":"https:\/\/schluesseldienst-hannover-list.com\/schluesselnotdienst\/wp-json\/wp\/v2\/media?parent=530"}],"curies":[{"name":"wp","href":"https:\/\/api.w.org\/{rel}","templated":true}]}}