{"id":344,"date":"2017-05-12T11:00:15","date_gmt":"2017-05-12T09:00:15","guid":{"rendered":"https:\/\/schluesseldienst-hannover-list.com\/schluesselnotdienst\/?page_id=344"},"modified":"2021-01-10T23:05:29","modified_gmt":"2021-01-10T21:05:29","slug":"schluesselnotdienst-hannover","status":"publish","type":"page","link":"https:\/\/schluesseldienst-hannover-list.com\/schluesselnotdienst\/schluesselnotdienst-hannover\/","title":{"rendered":"Schl\u00fcsselnotdienst in Hannover"},"content":{"rendered":"<h2>Absicherungen Hannover<\/h2>\n<p>&nbsp;<\/p>\n<p>In St\u00e4dten und Stadtrandgebieten gibt es besonders viele Einbr\u00fcche. Leider machen viele Bewohner in und um Hannover es den Einbrechern auch leicht. Da wird vergessen ein Fenster zu schlie\u00dfen, die Kellert\u00fcr hat ein altes unsicheres T\u00fcrschloss, Terrassent\u00fcren sind nicht gesichert, die Wohnungst\u00fcr wird nur zugeschlagen oder hat kein modernes Sicherheitsschloss. Der Schl\u00fcsseldienst Lagerhausen Sicherheitstechnik in Hannover bieten Ihnen modernste Technik f\u00fcr Sicherheitsschl\u00f6sser, Zusatzverriegelungen und elektronische Absicherungen f\u00fcr Ihr Eigenheim oder die Wohnung.<\/p>\n<figure id=\"attachment_347\" aria-describedby=\"caption-attachment-347\" style=\"width: 300px\" class=\"wp-caption aligncenter\"><a href=\"https:\/\/i0.wp.com\/schluesseldienst-hannover-list.com\/schluesselnotdienst\/wp-content\/uploads\/Schl\u00fcssel-Hand-2.jpg?ssl=1\"><img loading=\"lazy\" decoding=\"async\" class=\"wp-image-347 size-medium\" src=\"https:\/\/i0.wp.com\/schluesseldienst-hannover-list.com\/schluesselnotdienst\/wp-content\/uploads\/Schl\u00fcssel-Hand-2.jpg?resize=300%2C272&#038;ssl=1\" alt=\"Schl\u00fcsselnotdienst in Hannover\" width=\"300\" height=\"272\" srcset=\"https:\/\/i0.wp.com\/schluesseldienst-hannover-list.com\/schluesselnotdienst\/wp-content\/uploads\/Schl\u00fcssel-Hand-2.jpg?resize=300%2C272&amp;ssl=1 300w, https:\/\/i0.wp.com\/schluesseldienst-hannover-list.com\/schluesselnotdienst\/wp-content\/uploads\/Schl\u00fcssel-Hand-2.jpg?resize=768%2C696&amp;ssl=1 768w, https:\/\/i0.wp.com\/schluesseldienst-hannover-list.com\/schluesselnotdienst\/wp-content\/uploads\/Schl\u00fcssel-Hand-2.jpg?resize=1024%2C928&amp;ssl=1 1024w, https:\/\/i0.wp.com\/schluesseldienst-hannover-list.com\/schluesselnotdienst\/wp-content\/uploads\/Schl\u00fcssel-Hand-2.jpg?w=1448&amp;ssl=1 1448w\" sizes=\"(max-width: 300px) 100vw, 300px\" data-recalc-dims=\"1\" \/><\/a><figcaption id=\"caption-attachment-347\" class=\"wp-caption-text\">Der Schl\u00fcsselnotdienst in Hannover hilft Tag &amp; Nacht<\/figcaption><\/figure>\n<p>Sparen am Einbruchsschutz kann nicht nur teuer werden. Einbr\u00fcche hinterlassen auch schwerwiegende psychische Spuren bei den Betroffenen. Viele sehen danach einen Umzug als einzigen Ausweg. Bei unserem Schl\u00fcsseldienst in Hannover k\u00f6nnen wir Ihnen ein breites Angebot f\u00fcr die verschiedensten technischen Sicherheitsanlagen von sicheren T\u00fcr- und Fensterschl\u00f6ssern, \u00fcber Stangenriegel bis zur modernen Alarmanlage bieten. Bei Alarmanlagen k\u00f6nnen Sie sich auf unseren Service vom Alarmanlagen Notdienst in Hannover verlassen. Nat\u00fcrlich k\u00f6nnen Sie sich auch jederzeit f\u00fcr eine Beratung zur Verbesserung Ihrer Sicherheit an uns wenden. Wir beraten Sie gern zu den verschiedensten Varianten von Sicherheitsschl\u00f6ssern, umfangreichen Sicherheitsanlagen f\u00fcr das Eigenheim oder das Gewerbegeb\u00e4ude.<\/p>\n<h2><strong>Unverzichtbar &#8211; der Schl\u00fcsselnotdienst in Hannover<\/strong><\/h2>\n<p>Sicher verschlossene T\u00fcren sind wichtig. Oft aber bleibt die T\u00fcr zum falschen Zeitpunkt verschlossen, n\u00e4mlich, wenn der Bewohner nicht mehr in sein Haus oder Wohnung kommt. Die T\u00fcr schlug zu und die Schl\u00fcssel liegen drinnen. Der Schl\u00fcssel dreht im Schloss durch, ist abgebrochen, verloren gegangen oder das Schloss wurde besch\u00e4digt. Oft versuchen dann Mieter und Hausbesitzer mit allen m\u00f6glichen Werkzeugen die T\u00fcr zu \u00f6ffnen. Die Folgen sind oft besch\u00e4digte Schl\u00f6sser und T\u00fcren ohne den gew\u00fcnschten Erfolg. Kl\u00fcger ist es, gleich den unseren Schl\u00fcsselnotdienst zu rufen. Gut, wenn Sie die Telefonnummer gespeichert haben. Unser Schl\u00fcsselnotdienst \u00f6ffnet jedes Schloss. T\u00fcr und Schloss bleiben unbesch\u00e4digt. Falls der <a href=\"https:\/\/schluesseldienst-fachbetrieb.de\" target=\"_blank\" rel=\"noopener noreferrer\">Schl\u00fcsseldienst Fachbetrieb<\/a> feststellt, dass das Schloss oder der Schl\u00fcssel besch\u00e4digt sind, wird gleich f\u00fcr Abhilfe gesorgt. Unser Schl\u00fcsselnotdienst ist schnell und zuverl\u00e4ssig. Auch f\u00fcr Dienstleistungen vom Schl\u00fcsselnotdienst bieten wir Ihnen Festpreise ohne zus\u00e4tzliche Aufschl\u00e4ge und sonstige versteckte Kosten. Nat\u00fcrlich k\u00f6nnen Sie unsere Spezialisten vom Schl\u00fcsselnotdienst auch rufen, wenn es Probleme mit der Autot\u00fcr, dem Garagentor, T\u00fcren von Nebengeb\u00e4uden und mehr geht. Sollte Ihr Schloss bei einem Einbruchsversuch besch\u00e4digt worden sein, ist nat\u00fcrlich die Polizei der erste Ansprechpartner. Wenden Sie sich dann aber auch direkt an unseren Notdienst, damit ein neues Schloss eingebaut wird. Wir sind Tag und Nacht das ganze Jahr f\u00fcr Sie da.<\/p>\n<p>&nbsp;<\/p>\n<h2><strong>Umfassende Dienstleistungen vom Schl\u00fcsseldienst in Hannover<\/strong><\/h2>\n<p>F\u00fcr alles rund um die Sicherheit von T\u00fcren, Fenstern, Geb\u00e4uden ist unser Schl\u00fcsseldienst Ihr zuverl\u00e4ssiger Ansprechpartner. Mit einem umfangreichen Sortiment von technischen Angeboten und Dienstleistungen stehen wir Ihnen in Hannover und Umland zur Verf\u00fcgung. Der Schl\u00fcsseldienst Lagerhausen bietet Ihnen die Nachfertigung von Schl\u00fcsseln aller Art. Dar\u00fcber hinaus finden Sie bei uns auch Briefk\u00e4sten, Briefkastenanlagen, Hausnummern, Zusatzschl\u00f6sser, Klingelanlagen, Torantriebe und vieles mehr. Auch einen Tresor f\u00fcr die Firma, das Gesch\u00e4ft oder den kleinen Safe f\u00fcr daheim k\u00f6nnen Sie bei uns bestellen. Unser Schl\u00fcsseldienst steht Ihnen mit einem weit reichenden Service und der Erfahrung von vielen Jahrzehnten der Sicherheitstechnik zur Seite. Unsere Fachleute kennen sich nicht nur mit T\u00fcrnot\u00f6ffnungen und Schl\u00f6ssern aller Art aus, sondern k\u00f6nnen Sie auch zu unserem Produktsortiment professionell und umfangreich informieren und beraten. Sicherheitsanlagen, Schl\u00f6sser und weitere Produkte, die installiert werden m\u00fcssen, bauen Ihnen nat\u00fcrlich auch schnell und fachkompetent ein. Der Schl\u00fcsseldienst Lagerhausen Sicherheitstechnik ist Ihr seri\u00f6ser und zuverl\u00e4ssiger Partner in Hannover, wenn es um technische Sicherheitseinrichtungen und T\u00fcr\u00f6ffnungen aller Art geht.<\/p>\n<figure id=\"attachment_49\" aria-describedby=\"caption-attachment-49\" style=\"width: 300px\" class=\"wp-caption aligncenter\"><a href=\"https:\/\/i0.wp.com\/schluesseldienst-hannover-list.com\/schluesselnotdienst\/wp-content\/uploads\/schluesseldienst-hannover-05111234876.png?ssl=1\"><img loading=\"lazy\" decoding=\"async\" class=\"wp-image-49 size-medium\" src=\"https:\/\/i0.wp.com\/schluesseldienst-hannover-list.com\/schluesselnotdienst\/wp-content\/uploads\/schluesseldienst-hannover-05111234876.png?resize=300%2C300&#038;ssl=1\" alt=\"zuverl\u00e4ssiger Schl\u00fcsseldienst in Hannover\" width=\"300\" height=\"300\" srcset=\"https:\/\/i0.wp.com\/schluesseldienst-hannover-list.com\/schluesselnotdienst\/wp-content\/uploads\/schluesseldienst-hannover-05111234876.png?resize=300%2C300&amp;ssl=1 300w, https:\/\/i0.wp.com\/schluesseldienst-hannover-list.com\/schluesselnotdienst\/wp-content\/uploads\/schluesseldienst-hannover-05111234876.png?resize=150%2C150&amp;ssl=1 150w, https:\/\/i0.wp.com\/schluesseldienst-hannover-list.com\/schluesselnotdienst\/wp-content\/uploads\/schluesseldienst-hannover-05111234876.png?resize=60%2C60&amp;ssl=1 60w, https:\/\/i0.wp.com\/schluesseldienst-hannover-list.com\/schluesselnotdienst\/wp-content\/uploads\/schluesseldienst-hannover-05111234876.png?w=693&amp;ssl=1 693w\" sizes=\"(max-width: 300px) 100vw, 300px\" data-recalc-dims=\"1\" \/><\/a><figcaption id=\"caption-attachment-49\" class=\"wp-caption-text\">Ihr Zuverl\u00e4ssiger Schl\u00fcsselnotdienst in Hannover<\/figcaption><\/figure>\n<p>&nbsp;<\/p>\n<p><a href=\"https:\/\/schluesseldienst-hannover-list.com\/schluesselnotdienst\/preise\/schluesseldienst-tagespreise\/\" target=\"_blank\" rel=\"noopener\">Schl\u00fcsseldienst Preise <\/a><\/p>\n<div class=\"pe-richsnippets\"><\/div>\n<p><script type=\"text\/javascript\" src=\"https:\/\/www.provenexpert.com\/widget\/richsnippet.js?u=18TB0Vwp0xmAkDGpkpGp2HwZ48TA1LmA&#038;v=2\" async><\/script><\/p>","protected":false},"excerpt":{"rendered":"<p>Absicherungen Hannover &nbsp; In St\u00e4dten und Stadtrandgebieten gibt es besonders viele Einbr\u00fcche. Leider machen viele Bewohner in und um Hannover es den Einbrechern auch leicht. Da wird vergessen ein Fenster zu schlie\u00dfen, die Kellert\u00fcr hat<\/p>\n","protected":false},"author":1,"featured_media":0,"parent":0,"menu_order":0,"comment_status":"closed","ping_status":"closed","template":"template-fullwidth.php","meta":{"advanced_seo_description":"","jetpack_seo_html_title":"","jetpack_seo_noindex":false,"jetpack_post_was_ever_published":false,"footnotes":""},"jetpack_sharing_enabled":true,"jetpack_shortlink":"https:\/\/wp.me\/P6aBdB-5y","_links":{"self":[{"href":"https:\/\/schluesseldienst-hannover-list.com\/schluesselnotdienst\/wp-json\/wp\/v2\/pages\/344"}],"collection":[{"href":"https:\/\/schluesseldienst-hannover-list.com\/schluesselnotdienst\/wp-json\/wp\/v2\/pages"}],"about":[{"href":"https:\/\/schluesseldienst-hannover-list.com\/schluesselnotdienst\/wp-json\/wp\/v2\/types\/page"}],"author":[{"embeddable":true,"href":"https:\/\/schluesseldienst-hannover-list.com\/schluesselnotdienst\/wp-json\/wp\/v2\/users\/1"}],"replies":[{"embeddable":true,"href":"https:\/\/schluesseldienst-hannover-list.com\/schluesselnotdienst\/wp-json\/wp\/v2\/comments?post=344"}],"version-history":[{"count":10,"href":"https:\/\/schluesseldienst-hannover-list.com\/schluesselnotdienst\/wp-json\/wp\/v2\/pages\/344\/revisions"}],"predecessor-version":[{"id":420,"href":"https:\/\/schluesseldienst-hannover-list.com\/schluesselnotdienst\/wp-json\/wp\/v2\/pages\/344\/revisions\/420"}],"wp:attachment":[{"href":"https:\/\/schluesseldienst-hannover-list.com\/schluesselnotdienst\/wp-json\/wp\/v2\/media?parent=344"}],"curies":[{"name":"wp","href":"https:\/\/api.w.org\/{rel}","templated":true}]}}