{"id":197,"date":"2015-11-04T12:07:46","date_gmt":"2015-11-04T10:07:46","guid":{"rendered":"https:\/\/schluesseldienst-hannover-list.com\/schluesselnotdienst\/?page_id=197"},"modified":"2024-03-08T14:12:33","modified_gmt":"2024-03-08T12:12:33","slug":"schluesseldienst-nachtpreis","status":"publish","type":"page","link":"https:\/\/schluesseldienst-hannover-list.com\/schluesselnotdienst\/preise\/schluesseldienst-nachtpreis\/","title":{"rendered":"Schl\u00fcsseldienst Nachtpreis"},"content":{"rendered":"<h2>Schl\u00fcsseldienst Nachtpreis \u20ac 140,&#8211;<\/h2>\n<p>unser <strong>Schl\u00fcssel Eildienst<\/strong> ist immer f\u00fcr Sie unter 0511-757548 erreichbar<\/p>\n<figure id=\"attachment_188\" aria-describedby=\"caption-attachment-188\" style=\"width: 346px\" class=\"wp-caption aligncenter\"><a href=\"https:\/\/i0.wp.com\/schluesseldienst-hannover-list.com\/schluesselnotdienst\/wp-content\/uploads\/Cut-Trust-Partner.png?ssl=1\"><img loading=\"lazy\" decoding=\"async\" class=\" wp-image-188\" src=\"https:\/\/i0.wp.com\/schluesseldienst-hannover-list.com\/schluesselnotdienst\/wp-content\/uploads\/Cut-Trust-Partner.png?resize=346%2C346&#038;ssl=1\" alt=\"Schl\u00fcsseldienst Bestpreis\" width=\"346\" height=\"346\" srcset=\"https:\/\/i0.wp.com\/schluesseldienst-hannover-list.com\/schluesselnotdienst\/wp-content\/uploads\/Cut-Trust-Partner.png?w=346&amp;ssl=1 346w, https:\/\/i0.wp.com\/schluesseldienst-hannover-list.com\/schluesselnotdienst\/wp-content\/uploads\/Cut-Trust-Partner.png?resize=150%2C150&amp;ssl=1 150w, https:\/\/i0.wp.com\/schluesseldienst-hannover-list.com\/schluesselnotdienst\/wp-content\/uploads\/Cut-Trust-Partner.png?resize=300%2C300&amp;ssl=1 300w, https:\/\/i0.wp.com\/schluesseldienst-hannover-list.com\/schluesselnotdienst\/wp-content\/uploads\/Cut-Trust-Partner.png?resize=60%2C60&amp;ssl=1 60w\" sizes=\"(max-width: 346px) 100vw, 346px\" data-recalc-dims=\"1\" \/><\/a><figcaption id=\"caption-attachment-188\" class=\"wp-caption-text\">Immer f\u00fcr Sie da &#8211; schnell und preiswert<\/figcaption><\/figure>\n<p>&nbsp;<\/p>\n<p>Viele Schl\u00fcsseldienste sagen am Telefon und im Internet keine verbindlichen Preise &#8211; wir nicht. Bei unserem <strong>Schl\u00fcsseldienst Hannover <\/strong>garantieren wir Ihnen feste verbindliche Preise. Ist Ihre Wohnungst\u00fcr zugefallen belaufen sich die Kosten wie folgt:<\/p>\n<ul>\n<li><a href=\"https:\/\/schluesseldienst-hannover-list.com\/schluesselnotdienst\/tueroeffnungspreise\/schluesseldienst-tagespreise\" target=\"_blank\" rel=\"noopener noreferrer\">Tagespreis<\/a> Montag bis Samstag von 08.00 Uhr bis 18.00 = \u20ac 99,&#8211;<\/li>\n<li><a href=\"https:\/\/schluesseldienst-hannover-list.com\/schluesselnotdienst\/tueroeffnungspreise\/schluesseldienst-spaettarif\" target=\"_blank\" rel=\"noopener noreferrer\">Sp\u00e4ttarif<\/a> Montag bis Samstag von 18.00 Uhr bis 22.00 = \u20ac 111,&#8211;<\/li>\n<li><strong>Nachtpreis, Sonntag und an Feiertag \u20ac 140,&#8211;<\/strong><\/li>\n<\/ul>\n<p>Auch in der Nacht bieten wir Ihnen einen schnellen und preiswerten Service &#8211; vergleichen Sie richtig und frage beim Preisvergleich immer nach dem ENDPREIS und lassen Sie sich nicht von Lockangeboten einiger Anbieter blenden.<\/p>\n<p>Die Preise sind f\u00fcr alle Stadtteile von Hannover g\u00fcltig und enthalten Mehrwertsteuer und Fahrtkosten sowie eventuelle Sonderdienstzuschl\u00e4ge. In wenigen F\u00e4llen kann es erforderlich sein, dass der Schlie\u00dfzylinder nach der T\u00fcr\u00f6ffnung getauscht werden muss. Die Kosten hier belaufen sich je nach Zylinderl\u00e4nge zwischen \u20ac 35,&#8211; bis \u20ac 50,&#8211;. Wir sind in jedem Fall aber sehr bem\u00fcht die T\u00fcr ohne Zylinderwechsel zu \u00f6ffnen.<\/p>\n<p style=\"text-align: justify;\"><span style=\"color: #ff0000;\"><strong>Als Zahlungsmittel nehmen wir Bargeld oder Kartenzahlung an. Die Bezahlung ist sofort nach der Arbeitsausf\u00fchrung f\u00e4llig.<\/strong><\/span><\/p>\n<p>&nbsp;<\/p>\n<p>&nbsp;<\/p>\n<p>Unser <a href=\"https:\/\/schluesseldienst-hannover-list.com\/schluesselnotdienst\/\">Schl\u00fcsseldienst Hannover<\/a> bietet Ihnen auch alle elektronischen und mechanischen Absicherungen zu sehr g\u00fcnstigen Preisen. Urlaubszeit ist Einbruchszeit. Unser aktuelles Angebot: Kastenzusatzschloss inkl. Montage und Aussenzylinder zum Endpreis von \u20ac 198,-<\/p>\n<p>&nbsp;<\/p>\n<p>&nbsp;<\/p>\n<figure id=\"attachment_49\" aria-describedby=\"caption-attachment-49\" style=\"width: 302px\" class=\"wp-caption aligncenter\"><a href=\"https:\/\/i0.wp.com\/schluesseldienst-hannover-list.com\/schluesselnotdienst\/wp-content\/uploads\/schluesseldienst-hannover-05111234876.png?ssl=1\"><img loading=\"lazy\" decoding=\"async\" class=\" wp-image-49 \" title=\"Schl\u00fcsseldienst Hannover List\" src=\"https:\/\/i0.wp.com\/schluesseldienst-hannover-list.com\/schluesselnotdienst\/wp-content\/uploads\/schluesseldienst-hannover-05111234876.png?resize=302%2C302&#038;ssl=1\" alt=\"Schl\u00fcsseldienst Lagershausen\" width=\"302\" height=\"302\" srcset=\"https:\/\/i0.wp.com\/schluesseldienst-hannover-list.com\/schluesselnotdienst\/wp-content\/uploads\/schluesseldienst-hannover-05111234876.png?w=693&amp;ssl=1 693w, https:\/\/i0.wp.com\/schluesseldienst-hannover-list.com\/schluesselnotdienst\/wp-content\/uploads\/schluesseldienst-hannover-05111234876.png?resize=150%2C150&amp;ssl=1 150w, https:\/\/i0.wp.com\/schluesseldienst-hannover-list.com\/schluesselnotdienst\/wp-content\/uploads\/schluesseldienst-hannover-05111234876.png?resize=300%2C300&amp;ssl=1 300w, https:\/\/i0.wp.com\/schluesseldienst-hannover-list.com\/schluesselnotdienst\/wp-content\/uploads\/schluesseldienst-hannover-05111234876.png?resize=60%2C60&amp;ssl=1 60w\" sizes=\"(max-width: 302px) 100vw, 302px\" data-recalc-dims=\"1\" \/><\/a><figcaption id=\"caption-attachment-49\" class=\"wp-caption-text\">Seit 30 Jahre schnell &amp; zuverl\u00e4ssig<\/figcaption><\/figure>\n<p>&nbsp;<\/p>\n<p>Unser freundliches <a title=\"T\u00fcr\u00f6ffnung \u20ac 68,\u2013\" href=\"https:\/\/schluesseldienst-hannover-list.com\/schluesselnotdienst\/\" target=\"_blank\" rel=\"noopener noreferrer\">Schl\u00fcsseldienst Hannover<\/a> Team freut sich auf Ihren Anruf.<\/p>\n<p>Wir sind auch in der Nacht und an Sonntagen und an Feiertagen f\u00fcr Sie da!<\/p>\n<div class=\"pe-richsnippets\"><\/div>\n<p>&nbsp;<\/p>\n<p>&nbsp;<\/p>","protected":false},"excerpt":{"rendered":"<p>Schl\u00fcsseldienst Nachtpreis \u20ac 140,&#8211; unser Schl\u00fcssel Eildienst ist immer f\u00fcr Sie unter 0511-757548 erreichbar &nbsp; Viele Schl\u00fcsseldienste sagen am Telefon und im Internet keine verbindlichen Preise &#8211; wir nicht. Bei unserem Schl\u00fcsseldienst Hannover garantieren wir<\/p>\n","protected":false},"author":1,"featured_media":0,"parent":42,"menu_order":0,"comment_status":"closed","ping_status":"closed","template":"template-fullwidth.php","meta":{"advanced_seo_description":"","jetpack_seo_html_title":"","jetpack_seo_noindex":false,"jetpack_post_was_ever_published":false,"footnotes":""},"jetpack_sharing_enabled":true,"jetpack_shortlink":"https:\/\/wp.me\/P6aBdB-3b","_links":{"self":[{"href":"https:\/\/schluesseldienst-hannover-list.com\/schluesselnotdienst\/wp-json\/wp\/v2\/pages\/197"}],"collection":[{"href":"https:\/\/schluesseldienst-hannover-list.com\/schluesselnotdienst\/wp-json\/wp\/v2\/pages"}],"about":[{"href":"https:\/\/schluesseldienst-hannover-list.com\/schluesselnotdienst\/wp-json\/wp\/v2\/types\/page"}],"author":[{"embeddable":true,"href":"https:\/\/schluesseldienst-hannover-list.com\/schluesselnotdienst\/wp-json\/wp\/v2\/users\/1"}],"replies":[{"embeddable":true,"href":"https:\/\/schluesseldienst-hannover-list.com\/schluesselnotdienst\/wp-json\/wp\/v2\/comments?post=197"}],"version-history":[{"count":14,"href":"https:\/\/schluesseldienst-hannover-list.com\/schluesselnotdienst\/wp-json\/wp\/v2\/pages\/197\/revisions"}],"predecessor-version":[{"id":572,"href":"https:\/\/schluesseldienst-hannover-list.com\/schluesselnotdienst\/wp-json\/wp\/v2\/pages\/197\/revisions\/572"}],"up":[{"embeddable":true,"href":"https:\/\/schluesseldienst-hannover-list.com\/schluesselnotdienst\/wp-json\/wp\/v2\/pages\/42"}],"wp:attachment":[{"href":"https:\/\/schluesseldienst-hannover-list.com\/schluesselnotdienst\/wp-json\/wp\/v2\/media?parent=197"}],"curies":[{"name":"wp","href":"https:\/\/api.w.org\/{rel}","templated":true}]}}