{"id":10,"date":"2013-08-31T13:29:05","date_gmt":"2013-08-31T11:29:05","guid":{"rendered":"https:\/\/schluesseldienst-hannover-list.com\/schluesselnotdienst\/?page_id=10"},"modified":"2021-01-10T23:32:09","modified_gmt":"2021-01-10T21:32:09","slug":"impressum","status":"publish","type":"page","link":"https:\/\/schluesseldienst-hannover-list.com\/schluesselnotdienst\/impressum\/","title":{"rendered":"Impressum"},"content":{"rendered":"<p><strong>Impressum:<\/strong><\/p>\n<p>Lagershausen Sicherheitstechnik<\/p>\n<p>Inhaber: Frank Lagershausen<br \/>\nPodbielskistrasse 36, 30177 Hannover<\/p>\n<p>Telefon: 05 11 &#8211; 39 39 69<br \/>\nTelefax: 05 11 &#8211; 39 39 79<\/p>\n<p>Mail: Schluesseldienst@online.ms<\/p>\n<p>Umsatzsteueridentnummer: DE 115622326<\/p>\n<p>&nbsp;<\/p>\n<p>&nbsp;<\/p>\n<p>&nbsp;<\/p>\n<p><strong>Bildnachweis:<\/strong><br \/>\nGrunge Stempel rot SCHNELLE HILFE\u00a9 Daniel Ernst &#8211; Fotolia.com<br \/>\nNotdienst: 24H\u00a9 Visual Concepts &#8211; Fotolia.com<br \/>\nImpressum\u00a9 3D-Designs &#8211; Fotolia.com<br \/>\ntablet schl\u00fcssel-dienst I\u00a9 WoGi &#8211; Fotolia.com<br \/>\nSecurity Button\u00a9 Do Ra &#8211; Fotolia.com<br \/>\n24 h Notdienst\u00a9 JENS &#8211; Fotolia.com<br \/>\nSticker rot rund curl unten WIR KOMMEN SOFORT!\u00a9 Daniel Ernst &#8211; Fotolia.com<br \/>\nDienstleistung rund um die Uhr\u00a9 PictureP. &#8211; Fotolia.com<br \/>\nHand mit Daumen hoch durchbricht Wand\u00a9 Light Impression &#8211; Fotolia.com<br \/>\nZufriedenheits Garantie Button\/Plakette\u00a9 DWP &#8211; Fotolia.com<br \/>\nProblem &amp; L\u00f6sung Slogan\u00a9 bartrow &#8211; Fotolia.com<br \/>\nAlarmgesichert\u00a9 Sascha Bergmann &#8211; Fotolia.com<br \/>\nElektro-Service\u00a9 buzz &#8211; Fotolia.com<br \/>\nSchl\u00fcssel Notdienst &#8211; 24 Stunden &#8211; Service rund um die Uhr\u00a9 abcmedia &#8211; Fotolia.com<br \/>\nMay I help you?\u00a9 Gina Sanders &#8211; Fotolia.com<br \/>\nkennzeichen leipzig\u00a9 LaCatrina &#8211; Fotolia.com<br \/>\ngolden sunrise\u00a9 goce risteski &#8211; Fotolia.com<br \/>\nSonne2\u00a9 Tetastock &#8211; Fotolia.com<br \/>\nMond\u00a9 Tetastock &#8211; Fotolia.com<br \/>\nWerkzeug und Haus\u00a9 scusi &#8211; Fotolia.com<br \/>\nFerienWohnung\u00a9 Marcus Kretschmar &#8211; Fotolia.com<br \/>\nHausmeisterservice\u00a9 Photo-K &#8211; Fotolia.com<br \/>\nCall Sign 3D in Blue\u00a9 Spencer &#8211; Fotolia.com<br \/>\nh\u00e4kchen\u00a9 fishfinger &#8211; Fotolia.com<br \/>\nTelefon &#8211; Buttons\u00a9 Dark Vectorangel &#8211; Fotolia.com<br \/>\nGold keys\u00a9 Kapley &#8211; Fotolia.com<br \/>\nschl\u00fcssel\u00fcbergabe\u00a9 philipus &#8211; Fotolia.com<br \/>\nhand with chrome house key isolated handing over\u00a9 Eddie Clifton &#8211; Fotolia.com<br \/>\ntwo keys on a palm\u00a9 Alex &#8211; Fotolia.com<\/p>\n<p><span style=\"font-size: 0.95em; line-height: 1.6em;\">House key\u00a9 zentilia &#8211; Fotolia.com<\/span><\/p>\n<p>Schl\u00fcsseldienst\u00a9 Dan Race &#8211; Fotolia.com<br \/>\ncl\u00e9\u00a9 Michel-R &#8211; Fotolia.com<br \/>\nRetro telephone receiver. 3D generated image\u00a9 Alex Kalmbach &#8211; Fotolia.com<br \/>\nvideo\u00a9 kaipity &#8211; Fotolia.com<br \/>\nQualit\u00e4t Button Bestpreis\u00a9 Visual Concepts &#8211; Fotolia.com<br \/>\nQualit\u00e4t, Kompetenz, Service\u00a9 Visual Concepts &#8211; Fotolia.com<br \/>\nButton Qualit\u00e4t die \u00fcberzeugt\u00a9 Visual Concepts &#8211; Fotolia.com<br \/>\nService &#8211; Rund um die Uhr\u00a9 abcmedia &#8211; Fotolia.com<br \/>\nNotdienst &#8211; Service &#8211; Rund um die Uhr\u00a9 abcmedia &#8211; Fotolia.com<br \/>\nbusiness sign\u00a9 Philip Date &#8211; Fotolia.com<br \/>\nGeld sicher anlegen\u00a9 ExQuisine &#8211; Fotolia.com<br \/>\nKeymaker\u00a9 L.S. &#8211; Fotolia.com<br \/>\nCute smiling redhead girl holding keys towards the camera\u00a9 Domen Colja &#8211; Fotolia.com<\/p>\n<p><strong>Datenschutzerkl\u00e4rung<\/strong><\/p>\n<p>Diese Website benutzt Google Analytics, einen Webanalysedienst der Google Inc. (\u201eGoogle\u201c). Google Analytics verwendet sog. \u201eCookies\u201c, Textdateien, die auf Ihrem Computer gespeichert werden und die eine Analyse der Benutzung der Website durch Sie erm\u00f6glichen. Die durch den Cookie erzeugten Informationen \u00fcber Ihre Benutzung dieser Website werden in der Regel an einen Server von Google in den USA \u00fcbertragen und dort gespeichert. Im Falle der Aktivierung der IP-Anonymisierung auf dieser Webseite, wird Ihre IP-Adresse von Google jedoch innerhalb von Mitgliedstaaten der Europ\u00e4ischen Union oder in anderen Vertragsstaaten des Abkommens \u00fcber den Europ\u00e4ischen Wirtschaftsraum zuvor gek\u00fcrzt. Nur in Ausnahmef\u00e4llen wird die volle IP-Adresse an einen Server von Google in den USA \u00fcbertragen und dort gek\u00fcrzt. Im Auftrag des Betreibers dieser Website wird Google diese Informationen benutzen, um Ihre Nutzung der Website auszuwerten, um Reports \u00fcber die Websiteaktivit\u00e4ten zusammenzustellen und um weitere mit der Websitenutzung und der Internetnutzung verbundene Dienstleistungen gegen\u00fcber dem Websitebetreiber zu erbringen. Die im Rahmen von Google Analytics von Ihrem Browser \u00fcbermittelte IP-Adresse wird nicht mit anderen Daten von Google zusammengef\u00fchrt. Sie k\u00f6nnen die Speicherung der Cookies durch eine entsprechende Einstellung Ihrer Browser-Software verhindern; wir weisen Sie jedoch darauf hin, dass Sie in diesem Fall gegebenenfalls nicht s\u00e4mtliche Funktionen dieser Website vollumf\u00e4nglich werden nutzen k\u00f6nnen. Sie k\u00f6nnen dar\u00fcber hinaus die Erfassung der durch das Cookie erzeugten und auf Ihre Nutzung der Website bezogenen Daten (inkl. Ihrer IP-Adresse) an Google sowie die Verarbeitung dieser Daten durch Google verhindern, indem sie das unter dem folgenden Link verf\u00fcgbare Browser-Plugin herunterladen und installieren: http:\/\/tools.google.com\/dlpage\/gaoptout<\/p>\n<div class=\"pe-richsnippets\"><\/div>\n<p><script type=\"text\/javascript\" src=\"https:\/\/www.provenexpert.com\/widget\/richsnippet.js?u=18TB0Vwp0xmAkDGpkpGp2HwZ48TA1LmA&#038;v=2\" async><\/script><\/p>\n<p>&nbsp;<\/p>","protected":false},"excerpt":{"rendered":"<p>Impressum: Lagershausen Sicherheitstechnik Inhaber: Frank Lagershausen Podbielskistrasse 36, 30177 Hannover Telefon: 05 11 &#8211; 39 39 69 Telefax: 05 11 &#8211; 39 39 79 Mail: Schluesseldienst@online.ms Umsatzsteueridentnummer: DE 115622326 &nbsp; &nbsp; &nbsp; Bildnachweis: Grunge Stempel<\/p>\n","protected":false},"author":1,"featured_media":0,"parent":0,"menu_order":0,"comment_status":"open","ping_status":"open","template":"template-fullwidth.php","meta":{"advanced_seo_description":"","jetpack_seo_html_title":"","jetpack_seo_noindex":false,"jetpack_post_was_ever_published":false,"footnotes":""},"jetpack_sharing_enabled":true,"jetpack_shortlink":"https:\/\/wp.me\/P6aBdB-a","_links":{"self":[{"href":"https:\/\/schluesseldienst-hannover-list.com\/schluesselnotdienst\/wp-json\/wp\/v2\/pages\/10"}],"collection":[{"href":"https:\/\/schluesseldienst-hannover-list.com\/schluesselnotdienst\/wp-json\/wp\/v2\/pages"}],"about":[{"href":"https:\/\/schluesseldienst-hannover-list.com\/schluesselnotdienst\/wp-json\/wp\/v2\/types\/page"}],"author":[{"embeddable":true,"href":"https:\/\/schluesseldienst-hannover-list.com\/schluesselnotdienst\/wp-json\/wp\/v2\/users\/1"}],"replies":[{"embeddable":true,"href":"https:\/\/schluesseldienst-hannover-list.com\/schluesselnotdienst\/wp-json\/wp\/v2\/comments?post=10"}],"version-history":[{"count":5,"href":"https:\/\/schluesseldienst-hannover-list.com\/schluesselnotdienst\/wp-json\/wp\/v2\/pages\/10\/revisions"}],"predecessor-version":[{"id":414,"href":"https:\/\/schluesseldienst-hannover-list.com\/schluesselnotdienst\/wp-json\/wp\/v2\/pages\/10\/revisions\/414"}],"wp:attachment":[{"href":"https:\/\/schluesseldienst-hannover-list.com\/schluesselnotdienst\/wp-json\/wp\/v2\/media?parent=10"}],"curies":[{"name":"wp","href":"https:\/\/api.w.org\/{rel}","templated":true}]}}